{"id":1316,"date":"2017-10-16T04:10:26","date_gmt":"2017-10-16T04:10:26","guid":{"rendered":"http:\/\/ninzio.com\/finax\/?page_id=1316"},"modified":"2021-03-12T17:39:59","modified_gmt":"2021-03-12T16:39:59","slug":"about-us","status":"publish","type":"page","link":"https:\/\/www.giaroni.it\/?page_id=1316","title":{"rendered":"Chi Siamo"},"content":{"rendered":"<p>[vc_row][vc_column]\n\t<div class=\"finax-spacer clearfix\" data-desktop=\"92\" data-mobi=\"60\" data-smobi=\"60\"><\/div>[vc_row_inner][vc_column_inner width=&#8221;5\/12&#8243;]<div class=\"finax-content-box clearfix \" data-padding=\"0px 35px 0px 0px\" data-mobipadding=\"0px 0px 0px 0px\" data-margin=\"\" data-mobimargin=\"\" >\n\t\t<div class=\"inner ctb-643035839\" style=\"\"  data-background=\"\">\n\t\t\t<div class=\"finax-headings clearfix \" data-font=36 style=\"\"><h2 class=\"heading clearfix \" style=\"font-weight:700;line-height:52px;font-size:36px;\">\n\t\tDal 2001 seguiamo l\u2019evoluzione della filiera delle Telecomunicazioni \n\t<\/h2><\/div>\n\t\t<\/div>\n\t<\/div>\n\t<div class=\"finax-spacer clearfix\" data-desktop=\"0\" data-mobi=\"30\" data-smobi=\"30\"><\/div>[\/vc_column_inner][vc_column_inner width=&#8221;7\/12&#8243;][vc_column_text]<\/p>\n<div class=\"line-height-30 margin-top-5\">\n<p>Le nostre soluzioni sono innovative ci consentono di colmare il divario tra business e tecnologia. Miriamo ad essere il vostro partner di fiducia, per guidarvi attraverso un ambiente aziendale competitivo, alimentato da tecnologie di automazione aziendale all&#8217;avanguardia.<br \/>\nIl Nostro scopo \u00e8 di prenderci cura del servizio dei nostri Clienti attraverso la salvaguardia del loro stato di utilizzo ed il loro futuro Sviluppo.<\/p>\n<p>Gli specialisti della Nostra organizzazione offrono il massimo della professionalit\u00e0 nella competenza del settore per garantire, a chi sceglie di affidarsi a noi, una vastissima gamma e opportunit\u00e0 che spaziano dalla rete in mobilit\u00e0 alla rete fissa, all\u2019utilizzo del centralini in cloud \u201cnuvola informatica\u201d allo smart mobility \u201cmobilit\u00e0 intelligente, al momento giusto nel posto giusto\u201d rivolte sia al cliente multisede con infrastrutture interconnesse sia al cliente libero professionista monosede.<\/p>\n<\/div>\n<p>[\/vc_column_text][\/vc_column_inner][\/vc_row_inner]\n\t<div class=\"finax-spacer clearfix\" data-desktop=\"110\" data-mobi=\"60\" data-smobi=\"60\"><\/div>[\/vc_column][\/vc_row][vc_row fullwidth=&#8221;yes&#8221; column_spacing=&#8221;0px&#8221; img_halfrow=&#8221;simple&#8221; halfrow_image=&#8221;6426&#8243; img_columns=&#8221;6columns&#8221; img_position=&#8221;imgleft&#8221; css=&#8221;.vc_custom_1605465456967{background-color: #202225 !important;}&#8221;][vc_column width=&#8221;1\/2&#8243;][\/vc_column][vc_column width=&#8221;1\/2&#8243;]<div class=\"finax-content-box clearfix \" data-padding=\"0px 15% 0px 15%\" data-mobipadding=\"0px 10% 0px 10%\" data-margin=\"\" data-mobimargin=\"\" >\n\t\t<div class=\"inner ctb-250088372\" style=\"\"  data-background=\"\">\n\t\t\t\n\t<div class=\"finax-spacer clearfix\" data-desktop=\"120\" data-mobi=\"60\" data-smobi=\"60\"><\/div><div class=\"finax-icon-box clearfix icon-left align-left simple\" style=\"\" ><div class=\"finax-icon icon-794599163 accent\" >\n\t\t\t\t<span class=\"icon\" style=\"font-size:60px;width:60px;height:60px;border-style:solid;margin-top:-20px;\"><i class=\"fnicon-worldwide\"><\/i><\/span>\n\t\t\t<\/div> <h3 class=\"heading  white\" style=\"padding-left:90px;color:#ffffff;font-size:22px;margin-bottom:11px;\">\n\t\t\t<span>Sviluppo Tecnologico Telecomunicazioni<\/span>\n\t<\/h3><p class=\"desc\" style=\"padding-left:90px;color:#a9a9aa;font-size:16px;line-height:28px;\">\n\t\t<span>Soluzioni moderne di sviluppo tecnologico della telecomunicazione.<\/span>\n\t<\/p><\/div>\n\t<div class=\"finax-spacer clearfix\" data-desktop=\"50\" data-mobi=\"35\" data-smobi=\"35\"><\/div><div class=\"finax-icon-box clearfix icon-left align-left simple\" style=\"\" ><div class=\"finax-icon icon-789390432 accent\" >\n\t\t\t\t<span class=\"icon\" style=\"font-size:60px;width:60px;height:60px;border-style:solid;margin-top:-20px;\"><i class=\"fnicon-bar-chart\"><\/i><\/span>\n\t\t\t<\/div> <h3 class=\"heading  white\" style=\"padding-left:90px;color:#ffffff;font-size:22px;margin-bottom:11px;\">\n\t\t\t<span>Gestione e Sviluppo manageriale per Reti commerciali<\/span>\n\t<\/h3><p class=\"desc\" style=\"padding-left:90px;color:#a9a9aa;font-size:16px;line-height:28px;\">\n\t\t<span>Soluzioni all\u2019avanguardia sullo sviluppo delle Vendite e della gestione Commerciale.<\/span>\n\t<\/p><\/div>\n\t<div class=\"finax-spacer clearfix\" data-desktop=\"50\" data-mobi=\"35\" data-smobi=\"35\"><\/div><div class=\"finax-icon-box clearfix icon-left align-left simple\" style=\"\" ><div class=\"finax-icon icon-1418038631 accent\" >\n\t\t\t\t<span class=\"icon\" style=\"font-size:60px;width:60px;height:60px;border-style:solid;margin-top:-20px;\"><i class=\"fnicon-stationery\"><\/i><\/span>\n\t\t\t<\/div> <h3 class=\"heading  white\" style=\"padding-left:90px;color:#ffffff;font-size:22px;margin-bottom:11px;\">\n\t\t\t<span>Soluzione ITC Sistems<\/span>\n\t<\/h3><p class=\"desc\" style=\"padding-left:90px;color:#a9a9aa;font-size:16px;line-height:28px;\">\n\t\t<span>Distribuzione di tecnologie riguardanti i sistemi integrati per la convergenza dell\u2019informatica con le telecomunicazioni.<\/span>\n\t<\/p><\/div>\n\t<div class=\"finax-spacer clearfix\" data-desktop=\"50\" data-mobi=\"35\" data-smobi=\"35\"><\/div><div class=\"finax-icon-box clearfix icon-left align-left simple\" style=\"\" ><div class=\"finax-icon icon-1127384063 accent\" >\n\t\t\t\t<span class=\"icon\" style=\"font-size:60px;width:60px;height:60px;border-style:solid;margin-top:-20px;\"><i class=\"fnicon-laptop\"><\/i><\/span>\n\t\t\t<\/div> <h3 class=\"heading  white\" style=\"padding-left:90px;color:#ffffff;font-size:22px;margin-bottom:11px;\">\n\t\t\t<span>Infrastrutture &amp; Cloud<\/span>\n\t<\/h3><p class=\"desc\" style=\"padding-left:90px;color:#a9a9aa;font-size:16px;line-height:28px;\">\n\t\t<span>Progetti per l&#039;ottimizzazione dei processi attraverso l&#039;innovazione e la gestione delle infrastrutture &amp; cloud.<\/span>\n\t<\/p><\/div>\n\t<div class=\"finax-spacer clearfix\" data-desktop=\"120\" data-mobi=\"60\" data-smobi=\"60\"><\/div>\n\t\t<\/div>\n\t<\/div>[\/vc_column][\/vc_row][vc_row][vc_column]\n\t<div class=\"finax-spacer clearfix\" data-desktop=\"115\" data-mobi=\"60\" data-smobi=\"60\"><\/div>[vc_row_inner][vc_column_inner]<div class=\"finax-content-box clearfix \" data-padding=\"0px 20px 0px 0px\" data-mobipadding=\"0px 20px 0px 0px\" data-margin=\"\" data-mobimargin=\"\" >\n\t\t<div class=\"inner ctb-704035327\" style=\"\"  data-background=\"\">\n\t\t\t<div class=\"finax-headings clearfix \"  style=\"\"><h2 class=\"heading clearfix \" style=\"font-weight:700;\">\n\t\tMission<span><\/span>\n\t<\/h2><\/div>\n\t<div class=\"finax-spacer clearfix\" data-desktop=\"44\" data-mobi=\"30\" data-smobi=\"30\"><\/div><div class=\"finax-headings clearfix \"  style=\"\"><p class=\"sub-heading clearfix\" style=\"font-style:normal;\">\n\t\tOffriamo soluzioni e servizi ICT innovativi, che mirano ad aiutare le aziende e le organizzazioni a sfruttare le nuove tecnologie a loro vantaggio competitivo.<\/p>\n<p>La nostra organizzazione si muove con l\u2019obiettivo di Aiutare e Supportare persone e aziende ad assumere l\u2019eccellenza espressa come capacit\u00e0 di liberare il potenziale di ciascuno nell\u2019utilizzo dei dispositivi per la trasmissione di Voce-Suoni-Dati-Documenti.<\/p>\n<p>Ci formalizziamo principalmente, come nostro punto di forza, nel seguire le fasi all\u2019utilizzo della soluzione prescelta e la sua successiva implementazione, giacch\u00e9 siamo pienamente certi che il nostro lavoro al fianco del cliente inizia quando hanno sottoscritto la proposta di acquisto.\n\t<\/p><\/div>\n\t<div class=\"finax-spacer clearfix\" data-desktop=\"0\" data-mobi=\"40\" data-smobi=\"40\"><\/div>\n\t\t<\/div>\n\t<\/div>[\/vc_column_inner][\/vc_row_inner]\n\t<div class=\"finax-spacer clearfix\" data-desktop=\"130\" data-mobi=\"60\" data-smobi=\"60\"><\/div>[\/vc_column][\/vc_row]<\/p>\n","protected":false},"excerpt":{"rendered":"<p>[vc_row][vc_column][vc_row_inner][vc_column_inner width=&#8221;5\/12&#8243;][\/vc_column_inner][vc_column_inner width=&#8221;7\/12&#8243;][vc_column_text] Le nostre soluzioni sono innovative ci consentono di colmare il divario tra business e tecnologia. Miriamo ad essere il vostro partner di fiducia, per guidarvi attraverso un ambiente aziendale competitivo, alimentato da tecnologie di automazione aziendale all&#8217;avanguardia. Il Nostro scopo \u00e8 di prenderci cura del servizio dei<\/p>\n","protected":false},"author":1,"featured_media":0,"parent":0,"menu_order":0,"comment_status":"closed","ping_status":"closed","template":"","meta":{"om_disable_all_campaigns":false},"_links":{"self":[{"href":"https:\/\/www.giaroni.it\/index.php?rest_route=\/wp\/v2\/pages\/1316"}],"collection":[{"href":"https:\/\/www.giaroni.it\/index.php?rest_route=\/wp\/v2\/pages"}],"about":[{"href":"https:\/\/www.giaroni.it\/index.php?rest_route=\/wp\/v2\/types\/page"}],"author":[{"embeddable":true,"href":"https:\/\/www.giaroni.it\/index.php?rest_route=\/wp\/v2\/users\/1"}],"replies":[{"embeddable":true,"href":"https:\/\/www.giaroni.it\/index.php?rest_route=%2Fwp%2Fv2%2Fcomments&post=1316"}],"version-history":[{"count":12,"href":"https:\/\/www.giaroni.it\/index.php?rest_route=\/wp\/v2\/pages\/1316\/revisions"}],"predecessor-version":[{"id":6638,"href":"https:\/\/www.giaroni.it\/index.php?rest_route=\/wp\/v2\/pages\/1316\/revisions\/6638"}],"wp:attachment":[{"href":"https:\/\/www.giaroni.it\/index.php?rest_route=%2Fwp%2Fv2%2Fmedia&parent=1316"}],"curies":[{"name":"wp","href":"https:\/\/api.w.org\/{rel}","templated":true}]}}